{"id":1986,"date":"2025-11-27T11:07:57","date_gmt":"2025-11-27T10:07:57","guid":{"rendered":"https:\/\/famipaberlin.de\/dau-an\/"},"modified":"2026-03-02T11:23:29","modified_gmt":"2026-03-02T10:23:29","slug":"dau-an","status":"publish","type":"page","link":"https:\/\/famipaberlin.de\/vi\/dau-an\/","title":{"rendered":"d\u1ea5u \u1ea5n"},"content":{"rendered":"\t\t<div data-elementor-type=\"wp-page\" data-elementor-id=\"1986\" class=\"elementor elementor-1986 elementor-56\" data-elementor-post-type=\"page\">\n\t\t\t\t<div class=\"elementor-element elementor-element-3eeb9f7 page-start-section e-flex e-con-boxed e-con e-parent\" data-id=\"3eeb9f7\" data-element_type=\"container\" data-e-type=\"container\">\n\t\t\t\t\t<div class=\"e-con-inner\">\n\t\t\t\t<div class=\"elementor-element elementor-element-0742a99 elementor-widget elementor-widget-heading\" data-id=\"0742a99\" data-element_type=\"widget\" data-e-type=\"widget\" data-widget_type=\"heading.default\">\n\t\t\t\t\t<h1 class=\"elementor-heading-title\">d\u1ea5u \u1ea5n<\/h1>\t\t\t\t<\/div>\n\t\t\t\t<div class=\"elementor-element elementor-element-8d408e1 elementor-widget elementor-widget-text-editor\" data-id=\"8d408e1\" data-element_type=\"widget\" data-e-type=\"widget\" data-widget_type=\"text-editor.default\">\n\t\t\t\t\t\t\t\t\t<p>\u0110\u01a1n v\u1ecb chuy\u00ean tr\u00e1ch FaMiPA v\u1ec1 Di c\u01b0 | Ch\u0103m s\u00f3c | L\u00e3o h\u00f3a<br> Hi\u1ec7p h\u1ed9i Ph\u00fac l\u1ee3i C\u00f4ng nh\u00e2n Hi\u1ec7p h\u1ed9i Nh\u00e0 n\u01b0\u1edbc Berlin<br> Hallesches Ufer 30A<br> 10963 Berlin<\/p><p><strong>\u0110\u1ea1i di\u1ec7n b\u1edfi:<br><\/strong> Oliver B\u00fcrgel (Gi\u00e1m \u0111\u1ed1c \u0111i\u1ec1u h\u00e0nh bang)<br> Email: <a href=\"mailto:info@awoberlin.de\">info@awoberlin.de<\/a><\/p><h2>li\u00ean h\u1ec7<\/h2><p>S\u1ed1 \u0111i\u1ec7n tho\u1ea1i: +49 30 \/ 25 389 287<br> Email: <a href=\"mailto:famipa@awoberlin.de\">famipa@awoberlin.de<\/a><\/p>\t\t\t\t\t\t\t\t<\/div>\n\t\t\t\t\t<\/div>\n\t\t\t\t<\/div>\n\t\t\t\t<\/div>\n\t\t","protected":false},"excerpt":{"rendered":"<p>d\u1ea5u \u1ea5n \u0110\u01a1n v\u1ecb chuy\u00ean tr\u00e1ch FaMiPA v\u1ec1 Di c\u01b0 | Ch\u0103m s\u00f3c | L\u00e3o h\u00f3a Hi\u1ec7p h\u1ed9i Ph\u00fac l\u1ee3i C\u00f4ng nh\u00e2n Hi\u1ec7p h\u1ed9i Nh\u00e0 n\u01b0\u1edbc Berlin Hallesches Ufer 30A 10963 Berlin \u0110\u1ea1i di\u1ec7n b\u1edfi: Oliver B\u00fcrgel (Gi\u00e1m \u0111\u1ed1c \u0111i\u1ec1u h\u00e0nh bang) Email: info@awoberlin.de li\u00ean h\u1ec7 S\u1ed1 \u0111i\u1ec7n tho\u1ea1i: +49 30 \/ 25 389 287 [&hellip;]<\/p>\n","protected":false},"author":1,"featured_media":0,"parent":0,"menu_order":0,"comment_status":"closed","ping_status":"closed","template":"","meta":{"_acf_changed":false,"inline_featured_image":false,"footnotes":""},"class_list":["post-1986","page","type-page","status-publish","hentry"],"acf":[],"yoast_head":"<!-- This site is optimized with the Yoast SEO plugin v27.3 - https:\/\/yoast.com\/product\/yoast-seo-wordpress\/ -->\n<title>d\u1ea5u \u1ea5n - FaMiPA<\/title>\n<meta name=\"description\" content=\"Th\u00f4ng b\u00e1o ph\u00e1p l\u00fd c\u1ee7a FaMiPA, t\u1ea5t c\u1ea3 th\u00f4ng tin ph\u00e1p l\u00fd v\u1ec1 c\u00f4ng ty, th\u00f4ng tin li\u00ean h\u1ec7 v\u00e0 c\u00e1c b\u00ean ch\u1ecbu tr\u00e1ch nhi\u1ec7m theo \u0110i\u1ec1u 5 TMG.\" \/>\n<meta name=\"robots\" content=\"index, follow, max-snippet:-1, max-image-preview:large, max-video-preview:-1\" \/>\n<link rel=\"canonical\" href=\"https:\/\/famipaberlin.de\/vi\/dau-an\/\" \/>\n<meta property=\"og:locale\" content=\"vi_VN\" \/>\n<meta property=\"og:type\" content=\"article\" \/>\n<meta property=\"og:title\" content=\"d\u1ea5u \u1ea5n - FaMiPA\" \/>\n<meta property=\"og:description\" content=\"Th\u00f4ng b\u00e1o ph\u00e1p l\u00fd c\u1ee7a FaMiPA, t\u1ea5t c\u1ea3 th\u00f4ng tin ph\u00e1p l\u00fd v\u1ec1 c\u00f4ng ty, th\u00f4ng tin li\u00ean h\u1ec7 v\u00e0 c\u00e1c b\u00ean ch\u1ecbu tr\u00e1ch nhi\u1ec7m theo \u0110i\u1ec1u 5 TMG.\" \/>\n<meta property=\"og:url\" content=\"https:\/\/famipaberlin.de\/vi\/dau-an\/\" \/>\n<meta property=\"og:site_name\" content=\"FaMiPA\" \/>\n<meta property=\"article:modified_time\" content=\"2026-03-02T10:23:29+00:00\" \/>\n<meta name=\"twitter:card\" content=\"summary_large_image\" \/>\n<script type=\"application\/ld+json\" class=\"yoast-schema-graph\">{\"@context\":\"https:\\\/\\\/schema.org\",\"@graph\":[{\"@type\":\"WebPage\",\"@id\":\"https:\\\/\\\/famipaberlin.de\\\/vi\\\/dau-an\\\/\",\"url\":\"https:\\\/\\\/famipaberlin.de\\\/vi\\\/dau-an\\\/\",\"name\":\"d\u1ea5u \u1ea5n - FaMiPA\",\"isPartOf\":{\"@id\":\"https:\\\/\\\/famipaberlin.de\\\/vi\\\/#website\"},\"datePublished\":\"2025-11-27T10:07:57+00:00\",\"dateModified\":\"2026-03-02T10:23:29+00:00\",\"description\":\"Th\u00f4ng b\u00e1o ph\u00e1p l\u00fd c\u1ee7a FaMiPA, t\u1ea5t c\u1ea3 th\u00f4ng tin ph\u00e1p l\u00fd v\u1ec1 c\u00f4ng ty, th\u00f4ng tin li\u00ean h\u1ec7 v\u00e0 c\u00e1c b\u00ean ch\u1ecbu tr\u00e1ch nhi\u1ec7m theo \u0110i\u1ec1u 5 TMG.\",\"breadcrumb\":{\"@id\":\"https:\\\/\\\/famipaberlin.de\\\/vi\\\/dau-an\\\/#breadcrumb\"},\"inLanguage\":\"vi\",\"potentialAction\":[{\"@type\":\"ReadAction\",\"target\":[\"https:\\\/\\\/famipaberlin.de\\\/vi\\\/dau-an\\\/\"]}]},{\"@type\":\"BreadcrumbList\",\"@id\":\"https:\\\/\\\/famipaberlin.de\\\/vi\\\/dau-an\\\/#breadcrumb\",\"itemListElement\":[{\"@type\":\"ListItem\",\"position\":1,\"name\":\"Startseite\",\"item\":\"https:\\\/\\\/famipaberlin.de\\\/vi\\\/\"},{\"@type\":\"ListItem\",\"position\":2,\"name\":\"d\u1ea5u \u1ea5n\"}]},{\"@type\":\"WebSite\",\"@id\":\"https:\\\/\\\/famipaberlin.de\\\/vi\\\/#website\",\"url\":\"https:\\\/\\\/famipaberlin.de\\\/vi\\\/\",\"name\":\"FaMiPA\",\"description\":\"Teilhabe und Sichtbarkeit \u00e4lterer Migrant*innen in Berlin\",\"publisher\":{\"@id\":\"https:\\\/\\\/famipaberlin.de\\\/vi\\\/#organization\"},\"potentialAction\":[{\"@type\":\"SearchAction\",\"target\":{\"@type\":\"EntryPoint\",\"urlTemplate\":\"https:\\\/\\\/famipaberlin.de\\\/vi\\\/?s={search_term_string}\"},\"query-input\":{\"@type\":\"PropertyValueSpecification\",\"valueRequired\":true,\"valueName\":\"search_term_string\"}}],\"inLanguage\":\"vi\"},{\"@type\":\"Organization\",\"@id\":\"https:\\\/\\\/famipaberlin.de\\\/vi\\\/#organization\",\"name\":\"FaMiPA\",\"url\":\"https:\\\/\\\/famipaberlin.de\\\/vi\\\/\",\"logo\":{\"@type\":\"ImageObject\",\"inLanguage\":\"vi\",\"@id\":\"https:\\\/\\\/famipaberlin.de\\\/vi\\\/#\\\/schema\\\/logo\\\/image\\\/\",\"url\":\"https:\\\/\\\/famipaberlin.de\\\/wp-content\\\/uploads\\\/famipa-logo.svg\",\"contentUrl\":\"https:\\\/\\\/famipaberlin.de\\\/wp-content\\\/uploads\\\/famipa-logo.svg\",\"width\":143,\"height\":48,\"caption\":\"FaMiPA\"},\"image\":{\"@id\":\"https:\\\/\\\/famipaberlin.de\\\/vi\\\/#\\\/schema\\\/logo\\\/image\\\/\"}}]}<\/script>\n<!-- \/ Yoast SEO plugin. -->","yoast_head_json":{"title":"d\u1ea5u \u1ea5n - FaMiPA","description":"Th\u00f4ng b\u00e1o ph\u00e1p l\u00fd c\u1ee7a FaMiPA, t\u1ea5t c\u1ea3 th\u00f4ng tin ph\u00e1p l\u00fd v\u1ec1 c\u00f4ng ty, th\u00f4ng tin li\u00ean h\u1ec7 v\u00e0 c\u00e1c b\u00ean ch\u1ecbu tr\u00e1ch nhi\u1ec7m theo \u0110i\u1ec1u 5 TMG.","robots":{"index":"index","follow":"follow","max-snippet":"max-snippet:-1","max-image-preview":"max-image-preview:large","max-video-preview":"max-video-preview:-1"},"canonical":"https:\/\/famipaberlin.de\/vi\/dau-an\/","og_locale":"vi_VN","og_type":"article","og_title":"d\u1ea5u \u1ea5n - FaMiPA","og_description":"Th\u00f4ng b\u00e1o ph\u00e1p l\u00fd c\u1ee7a FaMiPA, t\u1ea5t c\u1ea3 th\u00f4ng tin ph\u00e1p l\u00fd v\u1ec1 c\u00f4ng ty, th\u00f4ng tin li\u00ean h\u1ec7 v\u00e0 c\u00e1c b\u00ean ch\u1ecbu tr\u00e1ch nhi\u1ec7m theo \u0110i\u1ec1u 5 TMG.","og_url":"https:\/\/famipaberlin.de\/vi\/dau-an\/","og_site_name":"FaMiPA","article_modified_time":"2026-03-02T10:23:29+00:00","twitter_card":"summary_large_image","schema":{"@context":"https:\/\/schema.org","@graph":[{"@type":"WebPage","@id":"https:\/\/famipaberlin.de\/vi\/dau-an\/","url":"https:\/\/famipaberlin.de\/vi\/dau-an\/","name":"d\u1ea5u \u1ea5n - FaMiPA","isPartOf":{"@id":"https:\/\/famipaberlin.de\/vi\/#website"},"datePublished":"2025-11-27T10:07:57+00:00","dateModified":"2026-03-02T10:23:29+00:00","description":"Th\u00f4ng b\u00e1o ph\u00e1p l\u00fd c\u1ee7a FaMiPA, t\u1ea5t c\u1ea3 th\u00f4ng tin ph\u00e1p l\u00fd v\u1ec1 c\u00f4ng ty, th\u00f4ng tin li\u00ean h\u1ec7 v\u00e0 c\u00e1c b\u00ean ch\u1ecbu tr\u00e1ch nhi\u1ec7m theo \u0110i\u1ec1u 5 TMG.","breadcrumb":{"@id":"https:\/\/famipaberlin.de\/vi\/dau-an\/#breadcrumb"},"inLanguage":"vi","potentialAction":[{"@type":"ReadAction","target":["https:\/\/famipaberlin.de\/vi\/dau-an\/"]}]},{"@type":"BreadcrumbList","@id":"https:\/\/famipaberlin.de\/vi\/dau-an\/#breadcrumb","itemListElement":[{"@type":"ListItem","position":1,"name":"Startseite","item":"https:\/\/famipaberlin.de\/vi\/"},{"@type":"ListItem","position":2,"name":"d\u1ea5u \u1ea5n"}]},{"@type":"WebSite","@id":"https:\/\/famipaberlin.de\/vi\/#website","url":"https:\/\/famipaberlin.de\/vi\/","name":"FaMiPA","description":"Teilhabe und Sichtbarkeit \u00e4lterer Migrant*innen in Berlin","publisher":{"@id":"https:\/\/famipaberlin.de\/vi\/#organization"},"potentialAction":[{"@type":"SearchAction","target":{"@type":"EntryPoint","urlTemplate":"https:\/\/famipaberlin.de\/vi\/?s={search_term_string}"},"query-input":{"@type":"PropertyValueSpecification","valueRequired":true,"valueName":"search_term_string"}}],"inLanguage":"vi"},{"@type":"Organization","@id":"https:\/\/famipaberlin.de\/vi\/#organization","name":"FaMiPA","url":"https:\/\/famipaberlin.de\/vi\/","logo":{"@type":"ImageObject","inLanguage":"vi","@id":"https:\/\/famipaberlin.de\/vi\/#\/schema\/logo\/image\/","url":"https:\/\/famipaberlin.de\/wp-content\/uploads\/famipa-logo.svg","contentUrl":"https:\/\/famipaberlin.de\/wp-content\/uploads\/famipa-logo.svg","width":143,"height":48,"caption":"FaMiPA"},"image":{"@id":"https:\/\/famipaberlin.de\/vi\/#\/schema\/logo\/image\/"}}]}},"_links":{"self":[{"href":"https:\/\/famipaberlin.de\/vi\/wp-json\/wp\/v2\/pages\/1986","targetHints":{"allow":["GET"]}}],"collection":[{"href":"https:\/\/famipaberlin.de\/vi\/wp-json\/wp\/v2\/pages"}],"about":[{"href":"https:\/\/famipaberlin.de\/vi\/wp-json\/wp\/v2\/types\/page"}],"author":[{"embeddable":true,"href":"https:\/\/famipaberlin.de\/vi\/wp-json\/wp\/v2\/users\/1"}],"replies":[{"embeddable":true,"href":"https:\/\/famipaberlin.de\/vi\/wp-json\/wp\/v2\/comments?post=1986"}],"version-history":[{"count":7,"href":"https:\/\/famipaberlin.de\/vi\/wp-json\/wp\/v2\/pages\/1986\/revisions"}],"predecessor-version":[{"id":2606,"href":"https:\/\/famipaberlin.de\/vi\/wp-json\/wp\/v2\/pages\/1986\/revisions\/2606"}],"wp:attachment":[{"href":"https:\/\/famipaberlin.de\/vi\/wp-json\/wp\/v2\/media?parent=1986"}],"curies":[{"name":"wp","href":"https:\/\/api.w.org\/{rel}","templated":true}]}}