{"id":2195,"date":"2026-01-23T12:02:03","date_gmt":"2026-01-23T11:02:03","guid":{"rendered":"https:\/\/famipaberlin.de\/huong-dan-tai-xuong\/"},"modified":"2026-03-02T10:40:31","modified_gmt":"2026-03-02T09:40:31","slug":"huong-dan-tai-xuong","status":"publish","type":"page","link":"https:\/\/famipaberlin.de\/vi\/huong-dan-tai-xuong\/","title":{"rendered":"H\u01b0\u1edbng d\u1eabn &amp; T\u1ea3i xu\u1ed1ng"},"content":{"rendered":"\t\t<div data-elementor-type=\"wp-page\" data-elementor-id=\"2195\" class=\"elementor elementor-2195 elementor-497\" data-elementor-post-type=\"page\">\n\t\t\t\t<div class=\"elementor-element elementor-element-c0e163f e-grid page-start-section e-con-boxed e-con e-parent\" data-id=\"c0e163f\" data-element_type=\"container\" data-e-type=\"container\" data-settings=\"{&quot;background_background&quot;:&quot;classic&quot;}\">\n\t\t\t\t\t<div class=\"e-con-inner\">\n\t\t\t\t<div class=\"elementor-element elementor-element-407d289 elementor-hidden-tablet elementor-hidden-mobile elementor-widget elementor-widget-image\" data-id=\"407d289\" data-element_type=\"widget\" data-e-type=\"widget\" data-widget_type=\"image.default\">\n\t\t\t\t\t\t\t\t\t\t\t\t\t\t\t<img fetchpriority=\"high\" decoding=\"async\" width=\"2560\" height=\"1810\" src=\"https:\/\/famipaberlin.de\/wp-content\/uploads\/07-scaled.jpg\" class=\"attachment-full size-full wp-image-2197\" alt=\"2 Personen die zusammen ein Buch lesen\" srcset=\"https:\/\/famipaberlin.de\/wp-content\/uploads\/07-scaled.jpg 2560w, https:\/\/famipaberlin.de\/wp-content\/uploads\/07-300x212.jpg 300w, https:\/\/famipaberlin.de\/wp-content\/uploads\/07-1024x724.jpg 1024w, https:\/\/famipaberlin.de\/wp-content\/uploads\/07-768x543.jpg 768w, https:\/\/famipaberlin.de\/wp-content\/uploads\/07-1536x1086.jpg 1536w, https:\/\/famipaberlin.de\/wp-content\/uploads\/07-2048x1448.jpg 2048w\" sizes=\"(max-width: 2560px) 100vw, 2560px\" \/>\t\t\t\t\t\t\t\t\t\t\t\t\t\t\t<\/div>\n\t\t<div class=\"elementor-element elementor-element-5faff88 e-con-full e-flex e-con e-child\" data-id=\"5faff88\" data-element_type=\"container\" data-e-type=\"container\">\n\t\t\t\t<div class=\"elementor-element elementor-element-0c55330 elementor-widget elementor-widget-heading\" data-id=\"0c55330\" data-element_type=\"widget\" data-e-type=\"widget\" data-widget_type=\"heading.default\">\n\t\t\t\t\t<h4 class=\"elementor-heading-title\">Trang n\u00e0y \u0111ang trong qu\u00e1 tr\u00ecnh x\u00e2y d\u1ef1ng.  <\/h4>\t\t\t\t<\/div>\n\t\t\t\t<div class=\"elementor-element elementor-element-bc6b1aa elementor-widget elementor-widget-heading\" data-id=\"bc6b1aa\" data-element_type=\"widget\" data-e-type=\"widget\" data-widget_type=\"heading.default\">\n\t\t\t\t\t<h1 class=\"elementor-heading-title\">T\u00e0i li\u1ec7u th\u00f4ng tin, h\u01b0\u1edbng d\u1eabn v\u00e0 t\u00e0i li\u1ec7u t\u1ea3i xu\u1ed1ng<\/h1>\t\t\t\t<\/div>\n\t\t\t\t<div class=\"elementor-element elementor-element-88a49b0 elementor-hidden-desktop elementor-widget elementor-widget-image\" data-id=\"88a49b0\" data-element_type=\"widget\" data-e-type=\"widget\" data-widget_type=\"image.default\">\n\t\t\t\t\t\t\t\t\t\t\t\t\t\t\t<img decoding=\"async\" width=\"608\" height=\"579\" src=\"https:\/\/famipaberlin.de\/wp-content\/uploads\/ueber-uns-intro-img.jpg\" class=\"attachment-full size-full wp-image-1949\" alt=\"2 Personen die zusammen ein Buch lesen\" srcset=\"https:\/\/famipaberlin.de\/wp-content\/uploads\/ueber-uns-intro-img.jpg 608w, https:\/\/famipaberlin.de\/wp-content\/uploads\/ueber-uns-intro-img-300x286.jpg 300w\" sizes=\"(max-width: 608px) 100vw, 608px\" \/>\t\t\t\t\t\t\t\t\t\t\t\t\t\t\t<\/div>\n\t\t\t\t<div class=\"elementor-element elementor-element-3ecba01 elementor-widget elementor-widget-text-editor\" data-id=\"3ecba01\" data-element_type=\"widget\" data-e-type=\"widget\" data-widget_type=\"text-editor.default\">\n\t\t\t\t\t\t\t\t\t<p>S\u1eafp t\u1edbi, ng\u01b0\u1eddi cao tu\u1ed5i c\u00f3 ngu\u1ed3n g\u1ed1c di c\u01b0, c\u0169ng nh\u01b0 c\u00e1c b\u00ean li\u00ean quan v\u00e0 c\u00e1c t\u1ed5 ch\u1ee9c, s\u1ebd t\u00ecm th\u1ea5y c\u00e1c t\u00e0i li\u1ec7u qu\u1ea3ng c\u00e1o, \u1ea5n ph\u1ea9m v\u00e0 t\u00e0i li\u1ec7u mi\u1ec5n ph\u00ed v\u1ec1 di c\u01b0, ch\u0103m s\u00f3c v\u00e0 l\u00e3o h\u00f3a b\u1eb1ng nhi\u1ec1u ng\u00f4n ng\u1eef t\u1ea1i \u0111\u00e2y.<\/p>\t\t\t\t\t\t\t\t<\/div>\n\t\t\t\t<\/div>\n\t\t\t\t\t<\/div>\n\t\t\t\t<\/div>\n\t\t<div class=\"elementor-element elementor-element-18d014b e-flex e-con-boxed e-con e-parent\" data-id=\"18d014b\" data-element_type=\"container\" data-e-type=\"container\" data-settings=\"{&quot;background_background&quot;:&quot;classic&quot;}\">\n\t\t\t\t\t<div class=\"e-con-inner\">\n\t\t\t\t\t<\/div>\n\t\t\t\t<\/div>\n\t\t<div class=\"elementor-element elementor-element-0f09180 e-flex e-con-boxed e-con e-parent\" data-id=\"0f09180\" data-element_type=\"container\" data-e-type=\"container\">\n\t\t\t\t\t<div class=\"e-con-inner\">\n\t\t\t\t<div class=\"elementor-element elementor-element-3c31e78 elementor-widget elementor-widget-heading\" data-id=\"3c31e78\" data-element_type=\"widget\" data-e-type=\"widget\" data-widget_type=\"heading.default\">\n\t\t\t\t\t<h2 class=\"elementor-heading-title\">D\u00e0nh cho ng\u01b0\u1eddi cao tu\u1ed5i, ng\u01b0\u1eddi th\u00e2n v\u00e0 c\u00e1c th\u00e0nh vi\u00ean trong gia \u0111\u00ecnh c\u1ee7a h\u1ecd.<\/h2>\t\t\t\t<\/div>\n\t\t\t\t<div class=\"elementor-element elementor-element-fcd696d elementor-grid-1 elementor-grid-tablet-1 elementor-grid-mobile-1 elementor-widget elementor-widget-loop-grid\" data-id=\"fcd696d\" data-element_type=\"widget\" data-e-type=\"widget\" data-settings=\"{&quot;template_id&quot;:1861,&quot;columns&quot;:1,&quot;columns_tablet&quot;:1,&quot;row_gap&quot;:{&quot;unit&quot;:&quot;px&quot;,&quot;size&quot;:0,&quot;sizes&quot;:[]},&quot;_skin&quot;:&quot;post&quot;,&quot;columns_mobile&quot;:&quot;1&quot;,&quot;edit_handle_selector&quot;:&quot;[data-elementor-type=\\&quot;loop-item\\&quot;]&quot;,&quot;row_gap_tablet&quot;:{&quot;unit&quot;:&quot;px&quot;,&quot;size&quot;:&quot;&quot;,&quot;sizes&quot;:[]},&quot;row_gap_mobile&quot;:{&quot;unit&quot;:&quot;px&quot;,&quot;size&quot;:&quot;&quot;,&quot;sizes&quot;:[]}}\" data-widget_type=\"loop-grid.post\">\n\t\t\t\t<div class=\"elementor-widget-container\">\n\t\t\t\t\t\t\t<div class=\"e-loop-nothing-found-message\">\n\t\t<\/div>\n\t\t\t\t\t\t<\/div>\n\t\t\t\t<\/div>\n\t\t\t\t\t<\/div>\n\t\t\t\t<\/div>\n\t\t<div class=\"elementor-element elementor-element-7aba91b e-flex e-con-boxed e-con e-parent\" data-id=\"7aba91b\" data-element_type=\"container\" data-e-type=\"container\">\n\t\t\t\t\t<div class=\"e-con-inner\">\n\t\t\t\t<div class=\"elementor-element elementor-element-b71f495 elementor-widget elementor-widget-heading\" data-id=\"b71f495\" data-element_type=\"widget\" data-e-type=\"widget\" data-widget_type=\"heading.default\">\n\t\t\t\t\t<h2 class=\"elementor-heading-title\">D\u00e0nh cho c\u00e1c di\u1ec5n vi\u00ean v\u00e0 t\u1ed5 ch\u1ee9c<\/h2>\t\t\t\t<\/div>\n\t\t\t\t<div class=\"elementor-element elementor-element-2f035bb elementor-grid-1 elementor-grid-tablet-1 elementor-grid-mobile-1 elementor-widget elementor-widget-loop-grid\" data-id=\"2f035bb\" data-element_type=\"widget\" data-e-type=\"widget\" data-settings=\"{&quot;template_id&quot;:1861,&quot;columns&quot;:1,&quot;columns_tablet&quot;:1,&quot;row_gap&quot;:{&quot;unit&quot;:&quot;px&quot;,&quot;size&quot;:0,&quot;sizes&quot;:[]},&quot;_skin&quot;:&quot;post&quot;,&quot;columns_mobile&quot;:&quot;1&quot;,&quot;edit_handle_selector&quot;:&quot;[data-elementor-type=\\&quot;loop-item\\&quot;]&quot;,&quot;row_gap_tablet&quot;:{&quot;unit&quot;:&quot;px&quot;,&quot;size&quot;:&quot;&quot;,&quot;sizes&quot;:[]},&quot;row_gap_mobile&quot;:{&quot;unit&quot;:&quot;px&quot;,&quot;size&quot;:&quot;&quot;,&quot;sizes&quot;:[]}}\" data-widget_type=\"loop-grid.post\">\n\t\t\t\t<div class=\"elementor-widget-container\">\n\t\t\t\t\t\t\t<div class=\"e-loop-nothing-found-message\">\n\t\t<\/div>\n\t\t\t\t\t\t<\/div>\n\t\t\t\t<\/div>\n\t\t\t\t\t<\/div>\n\t\t\t\t<\/div>\n\t\t<div class=\"elementor-element elementor-element-ed893d9 e-flex e-con-boxed e-con e-parent\" data-id=\"ed893d9\" data-element_type=\"container\" data-e-type=\"container\" data-settings=\"{&quot;background_background&quot;:&quot;classic&quot;}\">\n\t\t\t\t\t<div class=\"e-con-inner\">\n\t\t\t\t\t<\/div>\n\t\t\t\t<\/div>\n\t\t<div class=\"elementor-element elementor-element-0b063c3 e-flex e-con-boxed e-con e-parent\" data-id=\"0b063c3\" data-element_type=\"container\" data-e-type=\"container\" data-settings=\"{&quot;background_background&quot;:&quot;classic&quot;}\">\n\t\t\t\t\t<div class=\"e-con-inner\">\n\t\t<div class=\"elementor-element elementor-element-f0ac6fd e-con-full e-flex e-con e-child\" data-id=\"f0ac6fd\" data-element_type=\"container\" data-e-type=\"container\" data-settings=\"{&quot;background_background&quot;:&quot;classic&quot;}\">\n\t\t<div class=\"elementor-element elementor-element-0c8d9de e-con-full elementor-hidden-tablet elementor-hidden-mobile e-flex e-con e-child\" data-id=\"0c8d9de\" data-element_type=\"container\" data-e-type=\"container\" data-settings=\"{&quot;background_background&quot;:&quot;classic&quot;}\">\n\t\t<div class=\"elementor-element elementor-element-12c2dbd e-con-full e-flex e-con e-child\" data-id=\"12c2dbd\" data-element_type=\"container\" data-e-type=\"container\">\n\t\t\t\t<div class=\"elementor-element elementor-element-31c6f25 elementor-widget elementor-widget-text-editor\" data-id=\"31c6f25\" data-element_type=\"widget\" data-e-type=\"widget\" data-widget_type=\"text-editor.default\">\n\t\t\t\t\t\t\t\t\t<p>Li\u00ean h\u1ec7<\/p>\t\t\t\t\t\t\t\t<\/div>\n\t\t\t\t<div class=\"elementor-element elementor-element-cf85c9d elementor-widget elementor-widget-heading\" data-id=\"cf85c9d\" data-element_type=\"widget\" data-e-type=\"widget\" data-widget_type=\"heading.default\">\n\t\t\t\t\t<h2 class=\"elementor-heading-title\">Kh\u00f4ng t\u00ecm th\u1ea5y th\u1ee9 b\u1ea1n \u0111ang t\u00ecm ki\u1ebfm?<\/h2>\t\t\t\t<\/div>\n\t\t\t\t<\/div>\n\t\t\t\t<div class=\"elementor-element elementor-element-ee95922 elementor-widget elementor-widget-text-editor\" data-id=\"ee95922\" data-element_type=\"widget\" data-e-type=\"widget\" data-widget_type=\"text-editor.default\">\n\t\t\t\t\t\t\t\t\t<p>H\u00e3y li\u00ean h\u1ec7 v\u1edbi ch\u00fang t\u00f4i n\u1ebfu b\u1ea1n c\u00f3 b\u1ea5t k\u1ef3 th\u1eafc m\u1eafc n\u00e0o!<\/p>\t\t\t\t\t\t\t\t<\/div>\n\t\t\t\t<div class=\"elementor-element elementor-element-11bb5fb elementor-align-left elementor-widget elementor-widget-button\" data-id=\"11bb5fb\" data-element_type=\"widget\" data-e-type=\"widget\" data-widget_type=\"button.default\">\n\t\t\t\t\t\t\t\t\t\t<a class=\"elementor-button elementor-button-link elementor-size-sm\" href=\"https:\/\/famipaberlin.de\/vi\/lien-he\/\">\n\t\t\t\t\t\t<span class=\"elementor-button-content-wrapper\">\n\t\t\t\t\t\t\t\t\t<span class=\"elementor-button-text\">Li\u00ean h\u1ec7<\/span>\n\t\t\t\t\t<\/span>\n\t\t\t\t\t<\/a>\n\t\t\t\t\t\t\t\t<\/div>\n\t\t\t\t<\/div>\n\t\t\t\t<\/div>\n\t\t<div class=\"elementor-element elementor-element-736ecca e-con-full elementor-hidden-desktop e-flex e-con e-child\" data-id=\"736ecca\" data-element_type=\"container\" data-e-type=\"container\" data-settings=\"{&quot;background_background&quot;:&quot;classic&quot;}\">\n\t\t<div class=\"elementor-element elementor-element-48c7c1a e-con-full e-flex e-con e-child\" data-id=\"48c7c1a\" data-element_type=\"container\" data-e-type=\"container\">\n\t\t\t\t<div class=\"elementor-element elementor-element-52638cd elementor-widget elementor-widget-text-editor\" data-id=\"52638cd\" data-element_type=\"widget\" data-e-type=\"widget\" data-widget_type=\"text-editor.default\">\n\t\t\t\t\t\t\t\t\t<p>ti\u00eau \u0111\u1ec1<\/p>\t\t\t\t\t\t\t\t<\/div>\n\t\t\t\t<div class=\"elementor-element elementor-element-c852b3a elementor-widget elementor-widget-heading\" data-id=\"c852b3a\" data-element_type=\"widget\" data-e-type=\"widget\" data-widget_type=\"heading.default\">\n\t\t\t\t\t<h2 class=\"elementor-heading-title\">Kh\u00f4ng t\u00ecm th\u1ea5y th\u1ee9 b\u1ea1n \u0111ang t\u00ecm ki\u1ebfm?<\/h2>\t\t\t\t<\/div>\n\t\t\t\t<\/div>\n\t\t\t\t<div class=\"elementor-element elementor-element-d4265c9 elementor-widget elementor-widget-text-editor\" data-id=\"d4265c9\" data-element_type=\"widget\" data-e-type=\"widget\" data-widget_type=\"text-editor.default\">\n\t\t\t\t\t\t\t\t\t<p>\u0110o\u1ea1n v\u0103n gi\u1edbi thi\u1ec7u ng\u1eafn g\u1ecdn \u0111\u1ec3 li\u00ean h\u1ec7 l\u1ea7n \u0111\u1ea7u.<\/p>\t\t\t\t\t\t\t\t<\/div>\n\t\t\t\t<div class=\"elementor-element elementor-element-3ad7b97 elementor-align-left elementor-widget elementor-widget-button\" data-id=\"3ad7b97\" data-element_type=\"widget\" data-e-type=\"widget\" data-widget_type=\"button.default\">\n\t\t\t\t\t\t\t\t\t\t<a class=\"elementor-button elementor-button-link elementor-size-sm\" href=\"https:\/\/famipaberlin.de\/vi\/lien-he\/\">\n\t\t\t\t\t\t<span class=\"elementor-button-content-wrapper\">\n\t\t\t\t\t\t\t\t\t<span class=\"elementor-button-text\">Li\u00ean h\u1ec7<\/span>\n\t\t\t\t\t<\/span>\n\t\t\t\t\t<\/a>\n\t\t\t\t\t\t\t\t<\/div>\n\t\t\t\t<\/div>\n\t\t\t\t\t<\/div>\n\t\t\t\t<\/div>\n\t\t\t\t<\/div>\n\t\t","protected":false},"excerpt":{"rendered":"<p>Trang n\u00e0y \u0111ang trong qu\u00e1 tr\u00ecnh x\u00e2y d\u1ef1ng. T\u00e0i li\u1ec7u th\u00f4ng tin, h\u01b0\u1edbng d\u1eabn v\u00e0 t\u00e0i li\u1ec7u t\u1ea3i xu\u1ed1ng S\u1eafp t\u1edbi, ng\u01b0\u1eddi cao tu\u1ed5i c\u00f3 ngu\u1ed3n g\u1ed1c di c\u01b0, c\u0169ng nh\u01b0 c\u00e1c b\u00ean li\u00ean quan v\u00e0 c\u00e1c t\u1ed5 ch\u1ee9c, s\u1ebd t\u00ecm th\u1ea5y c\u00e1c t\u00e0i li\u1ec7u qu\u1ea3ng c\u00e1o, \u1ea5n ph\u1ea9m v\u00e0 t\u00e0i li\u1ec7u mi\u1ec5n ph\u00ed v\u1ec1 [&hellip;]<\/p>\n","protected":false},"author":1,"featured_media":0,"parent":0,"menu_order":0,"comment_status":"closed","ping_status":"closed","template":"","meta":{"_acf_changed":false,"inline_featured_image":false,"footnotes":""},"class_list":["post-2195","page","type-page","status-publish","hentry"],"acf":[],"yoast_head":"<!-- This site is optimized with the Yoast SEO plugin v27.3 - https:\/\/yoast.com\/product\/yoast-seo-wordpress\/ -->\n<title>C\u1ea9m nang v\u1ec1 Di c\u01b0, L\u00e3o h\u00f3a &amp; Ch\u0103m s\u00f3c t\u1ea1i Berlin - FaMiPA<\/title>\n<meta name=\"description\" content=\"H\u01b0\u1edbng d\u1eabn v\u1ec1 v\u1ea5n \u0111\u1ec1 di c\u01b0, tu\u1ed5i gi\u00e0 v\u00e0 ch\u0103m s\u00f3c t\u1ea1i Berlin: T\u00e0i li\u1ec7u v\u00e0 \u1ea5n ph\u1ea9m mi\u1ec5n ph\u00ed d\u00e0nh cho ng\u01b0\u1eddi cao tu\u1ed5i c\u00f3 ngu\u1ed3n g\u1ed1c di c\u01b0 \u2013 \u0111a ng\u00f4n ng\u1eef.\" \/>\n<meta name=\"robots\" content=\"index, follow, max-snippet:-1, max-image-preview:large, max-video-preview:-1\" \/>\n<link rel=\"canonical\" href=\"https:\/\/famipaberlin.de\/vi\/huong-dan-tai-xuong\/\" \/>\n<meta property=\"og:locale\" content=\"vi_VN\" \/>\n<meta property=\"og:type\" content=\"article\" \/>\n<meta property=\"og:title\" content=\"C\u1ea9m nang v\u1ec1 Di c\u01b0, L\u00e3o h\u00f3a &amp; Ch\u0103m s\u00f3c t\u1ea1i Berlin - FaMiPA\" \/>\n<meta property=\"og:description\" content=\"H\u01b0\u1edbng d\u1eabn v\u1ec1 v\u1ea5n \u0111\u1ec1 di c\u01b0, tu\u1ed5i gi\u00e0 v\u00e0 ch\u0103m s\u00f3c t\u1ea1i Berlin: T\u00e0i li\u1ec7u v\u00e0 \u1ea5n ph\u1ea9m mi\u1ec5n ph\u00ed d\u00e0nh cho ng\u01b0\u1eddi cao tu\u1ed5i c\u00f3 ngu\u1ed3n g\u1ed1c di c\u01b0 \u2013 \u0111a ng\u00f4n ng\u1eef.\" \/>\n<meta property=\"og:url\" content=\"https:\/\/famipaberlin.de\/vi\/huong-dan-tai-xuong\/\" \/>\n<meta property=\"og:site_name\" content=\"FaMiPA\" \/>\n<meta property=\"article:modified_time\" content=\"2026-03-02T09:40:31+00:00\" \/>\n<meta property=\"og:image\" content=\"https:\/\/famipaberlin.de\/wp-content\/uploads\/07-scaled.jpg\" \/>\n\t<meta property=\"og:image:width\" content=\"2560\" \/>\n\t<meta property=\"og:image:height\" content=\"1810\" \/>\n\t<meta property=\"og:image:type\" content=\"image\/jpeg\" \/>\n<meta name=\"twitter:card\" content=\"summary_large_image\" \/>\n<meta name=\"twitter:label1\" content=\"\u01af\u1edbc t\u00ednh th\u1eddi gian \u0111\u1ecdc\" \/>\n\t<meta name=\"twitter:data1\" content=\"1 ph\u00fat\" \/>\n<script type=\"application\/ld+json\" class=\"yoast-schema-graph\">{\"@context\":\"https:\\\/\\\/schema.org\",\"@graph\":[{\"@type\":\"WebPage\",\"@id\":\"https:\\\/\\\/famipaberlin.de\\\/vi\\\/huong-dan-tai-xuong\\\/\",\"url\":\"https:\\\/\\\/famipaberlin.de\\\/vi\\\/huong-dan-tai-xuong\\\/\",\"name\":\"C\u1ea9m nang v\u1ec1 Di c\u01b0, L\u00e3o h\u00f3a & Ch\u0103m s\u00f3c t\u1ea1i Berlin - FaMiPA\",\"isPartOf\":{\"@id\":\"https:\\\/\\\/famipaberlin.de\\\/vi\\\/#website\"},\"primaryImageOfPage\":{\"@id\":\"https:\\\/\\\/famipaberlin.de\\\/vi\\\/huong-dan-tai-xuong\\\/#primaryimage\"},\"image\":{\"@id\":\"https:\\\/\\\/famipaberlin.de\\\/vi\\\/huong-dan-tai-xuong\\\/#primaryimage\"},\"thumbnailUrl\":\"https:\\\/\\\/famipaberlin.de\\\/wp-content\\\/uploads\\\/07-scaled.jpg\",\"datePublished\":\"2026-01-23T11:02:03+00:00\",\"dateModified\":\"2026-03-02T09:40:31+00:00\",\"description\":\"H\u01b0\u1edbng d\u1eabn v\u1ec1 v\u1ea5n \u0111\u1ec1 di c\u01b0, tu\u1ed5i gi\u00e0 v\u00e0 ch\u0103m s\u00f3c t\u1ea1i Berlin: T\u00e0i li\u1ec7u v\u00e0 \u1ea5n ph\u1ea9m mi\u1ec5n ph\u00ed d\u00e0nh cho ng\u01b0\u1eddi cao tu\u1ed5i c\u00f3 ngu\u1ed3n g\u1ed1c di c\u01b0 \u2013 \u0111a ng\u00f4n ng\u1eef.\",\"breadcrumb\":{\"@id\":\"https:\\\/\\\/famipaberlin.de\\\/vi\\\/huong-dan-tai-xuong\\\/#breadcrumb\"},\"inLanguage\":\"vi\",\"potentialAction\":[{\"@type\":\"ReadAction\",\"target\":[\"https:\\\/\\\/famipaberlin.de\\\/vi\\\/huong-dan-tai-xuong\\\/\"]}]},{\"@type\":\"ImageObject\",\"inLanguage\":\"vi\",\"@id\":\"https:\\\/\\\/famipaberlin.de\\\/vi\\\/huong-dan-tai-xuong\\\/#primaryimage\",\"url\":\"https:\\\/\\\/famipaberlin.de\\\/wp-content\\\/uploads\\\/07-scaled.jpg\",\"contentUrl\":\"https:\\\/\\\/famipaberlin.de\\\/wp-content\\\/uploads\\\/07-scaled.jpg\"},{\"@type\":\"BreadcrumbList\",\"@id\":\"https:\\\/\\\/famipaberlin.de\\\/vi\\\/huong-dan-tai-xuong\\\/#breadcrumb\",\"itemListElement\":[{\"@type\":\"ListItem\",\"position\":1,\"name\":\"Startseite\",\"item\":\"https:\\\/\\\/famipaberlin.de\\\/vi\\\/\"},{\"@type\":\"ListItem\",\"position\":2,\"name\":\"H\u01b0\u1edbng d\u1eabn &amp; T\u1ea3i xu\u1ed1ng\"}]},{\"@type\":\"WebSite\",\"@id\":\"https:\\\/\\\/famipaberlin.de\\\/vi\\\/#website\",\"url\":\"https:\\\/\\\/famipaberlin.de\\\/vi\\\/\",\"name\":\"FaMiPA\",\"description\":\"Teilhabe und Sichtbarkeit \u00e4lterer Migrant*innen in Berlin\",\"publisher\":{\"@id\":\"https:\\\/\\\/famipaberlin.de\\\/vi\\\/#organization\"},\"potentialAction\":[{\"@type\":\"SearchAction\",\"target\":{\"@type\":\"EntryPoint\",\"urlTemplate\":\"https:\\\/\\\/famipaberlin.de\\\/vi\\\/?s={search_term_string}\"},\"query-input\":{\"@type\":\"PropertyValueSpecification\",\"valueRequired\":true,\"valueName\":\"search_term_string\"}}],\"inLanguage\":\"vi\"},{\"@type\":\"Organization\",\"@id\":\"https:\\\/\\\/famipaberlin.de\\\/vi\\\/#organization\",\"name\":\"FaMiPA\",\"url\":\"https:\\\/\\\/famipaberlin.de\\\/vi\\\/\",\"logo\":{\"@type\":\"ImageObject\",\"inLanguage\":\"vi\",\"@id\":\"https:\\\/\\\/famipaberlin.de\\\/vi\\\/#\\\/schema\\\/logo\\\/image\\\/\",\"url\":\"https:\\\/\\\/famipaberlin.de\\\/wp-content\\\/uploads\\\/famipa-logo.svg\",\"contentUrl\":\"https:\\\/\\\/famipaberlin.de\\\/wp-content\\\/uploads\\\/famipa-logo.svg\",\"width\":143,\"height\":48,\"caption\":\"FaMiPA\"},\"image\":{\"@id\":\"https:\\\/\\\/famipaberlin.de\\\/vi\\\/#\\\/schema\\\/logo\\\/image\\\/\"}}]}<\/script>\n<!-- \/ Yoast SEO plugin. -->","yoast_head_json":{"title":"C\u1ea9m nang v\u1ec1 Di c\u01b0, L\u00e3o h\u00f3a & Ch\u0103m s\u00f3c t\u1ea1i Berlin - FaMiPA","description":"H\u01b0\u1edbng d\u1eabn v\u1ec1 v\u1ea5n \u0111\u1ec1 di c\u01b0, tu\u1ed5i gi\u00e0 v\u00e0 ch\u0103m s\u00f3c t\u1ea1i Berlin: T\u00e0i li\u1ec7u v\u00e0 \u1ea5n ph\u1ea9m mi\u1ec5n ph\u00ed d\u00e0nh cho ng\u01b0\u1eddi cao tu\u1ed5i c\u00f3 ngu\u1ed3n g\u1ed1c di c\u01b0 \u2013 \u0111a ng\u00f4n ng\u1eef.","robots":{"index":"index","follow":"follow","max-snippet":"max-snippet:-1","max-image-preview":"max-image-preview:large","max-video-preview":"max-video-preview:-1"},"canonical":"https:\/\/famipaberlin.de\/vi\/huong-dan-tai-xuong\/","og_locale":"vi_VN","og_type":"article","og_title":"C\u1ea9m nang v\u1ec1 Di c\u01b0, L\u00e3o h\u00f3a & Ch\u0103m s\u00f3c t\u1ea1i Berlin - FaMiPA","og_description":"H\u01b0\u1edbng d\u1eabn v\u1ec1 v\u1ea5n \u0111\u1ec1 di c\u01b0, tu\u1ed5i gi\u00e0 v\u00e0 ch\u0103m s\u00f3c t\u1ea1i Berlin: T\u00e0i li\u1ec7u v\u00e0 \u1ea5n ph\u1ea9m mi\u1ec5n ph\u00ed d\u00e0nh cho ng\u01b0\u1eddi cao tu\u1ed5i c\u00f3 ngu\u1ed3n g\u1ed1c di c\u01b0 \u2013 \u0111a ng\u00f4n ng\u1eef.","og_url":"https:\/\/famipaberlin.de\/vi\/huong-dan-tai-xuong\/","og_site_name":"FaMiPA","article_modified_time":"2026-03-02T09:40:31+00:00","og_image":[{"width":2560,"height":1810,"url":"https:\/\/famipaberlin.de\/wp-content\/uploads\/07-scaled.jpg","type":"image\/jpeg"}],"twitter_card":"summary_large_image","twitter_misc":{"\u01af\u1edbc t\u00ednh th\u1eddi gian \u0111\u1ecdc":"1 ph\u00fat"},"schema":{"@context":"https:\/\/schema.org","@graph":[{"@type":"WebPage","@id":"https:\/\/famipaberlin.de\/vi\/huong-dan-tai-xuong\/","url":"https:\/\/famipaberlin.de\/vi\/huong-dan-tai-xuong\/","name":"C\u1ea9m nang v\u1ec1 Di c\u01b0, L\u00e3o h\u00f3a & Ch\u0103m s\u00f3c t\u1ea1i Berlin - FaMiPA","isPartOf":{"@id":"https:\/\/famipaberlin.de\/vi\/#website"},"primaryImageOfPage":{"@id":"https:\/\/famipaberlin.de\/vi\/huong-dan-tai-xuong\/#primaryimage"},"image":{"@id":"https:\/\/famipaberlin.de\/vi\/huong-dan-tai-xuong\/#primaryimage"},"thumbnailUrl":"https:\/\/famipaberlin.de\/wp-content\/uploads\/07-scaled.jpg","datePublished":"2026-01-23T11:02:03+00:00","dateModified":"2026-03-02T09:40:31+00:00","description":"H\u01b0\u1edbng d\u1eabn v\u1ec1 v\u1ea5n \u0111\u1ec1 di c\u01b0, tu\u1ed5i gi\u00e0 v\u00e0 ch\u0103m s\u00f3c t\u1ea1i Berlin: T\u00e0i li\u1ec7u v\u00e0 \u1ea5n ph\u1ea9m mi\u1ec5n ph\u00ed d\u00e0nh cho ng\u01b0\u1eddi cao tu\u1ed5i c\u00f3 ngu\u1ed3n g\u1ed1c di c\u01b0 \u2013 \u0111a ng\u00f4n ng\u1eef.","breadcrumb":{"@id":"https:\/\/famipaberlin.de\/vi\/huong-dan-tai-xuong\/#breadcrumb"},"inLanguage":"vi","potentialAction":[{"@type":"ReadAction","target":["https:\/\/famipaberlin.de\/vi\/huong-dan-tai-xuong\/"]}]},{"@type":"ImageObject","inLanguage":"vi","@id":"https:\/\/famipaberlin.de\/vi\/huong-dan-tai-xuong\/#primaryimage","url":"https:\/\/famipaberlin.de\/wp-content\/uploads\/07-scaled.jpg","contentUrl":"https:\/\/famipaberlin.de\/wp-content\/uploads\/07-scaled.jpg"},{"@type":"BreadcrumbList","@id":"https:\/\/famipaberlin.de\/vi\/huong-dan-tai-xuong\/#breadcrumb","itemListElement":[{"@type":"ListItem","position":1,"name":"Startseite","item":"https:\/\/famipaberlin.de\/vi\/"},{"@type":"ListItem","position":2,"name":"H\u01b0\u1edbng d\u1eabn &amp; T\u1ea3i xu\u1ed1ng"}]},{"@type":"WebSite","@id":"https:\/\/famipaberlin.de\/vi\/#website","url":"https:\/\/famipaberlin.de\/vi\/","name":"FaMiPA","description":"Teilhabe und Sichtbarkeit \u00e4lterer Migrant*innen in Berlin","publisher":{"@id":"https:\/\/famipaberlin.de\/vi\/#organization"},"potentialAction":[{"@type":"SearchAction","target":{"@type":"EntryPoint","urlTemplate":"https:\/\/famipaberlin.de\/vi\/?s={search_term_string}"},"query-input":{"@type":"PropertyValueSpecification","valueRequired":true,"valueName":"search_term_string"}}],"inLanguage":"vi"},{"@type":"Organization","@id":"https:\/\/famipaberlin.de\/vi\/#organization","name":"FaMiPA","url":"https:\/\/famipaberlin.de\/vi\/","logo":{"@type":"ImageObject","inLanguage":"vi","@id":"https:\/\/famipaberlin.de\/vi\/#\/schema\/logo\/image\/","url":"https:\/\/famipaberlin.de\/wp-content\/uploads\/famipa-logo.svg","contentUrl":"https:\/\/famipaberlin.de\/wp-content\/uploads\/famipa-logo.svg","width":143,"height":48,"caption":"FaMiPA"},"image":{"@id":"https:\/\/famipaberlin.de\/vi\/#\/schema\/logo\/image\/"}}]}},"_links":{"self":[{"href":"https:\/\/famipaberlin.de\/vi\/wp-json\/wp\/v2\/pages\/2195","targetHints":{"allow":["GET"]}}],"collection":[{"href":"https:\/\/famipaberlin.de\/vi\/wp-json\/wp\/v2\/pages"}],"about":[{"href":"https:\/\/famipaberlin.de\/vi\/wp-json\/wp\/v2\/types\/page"}],"author":[{"embeddable":true,"href":"https:\/\/famipaberlin.de\/vi\/wp-json\/wp\/v2\/users\/1"}],"replies":[{"embeddable":true,"href":"https:\/\/famipaberlin.de\/vi\/wp-json\/wp\/v2\/comments?post=2195"}],"version-history":[{"count":1,"href":"https:\/\/famipaberlin.de\/vi\/wp-json\/wp\/v2\/pages\/2195\/revisions"}],"predecessor-version":[{"id":2208,"href":"https:\/\/famipaberlin.de\/vi\/wp-json\/wp\/v2\/pages\/2195\/revisions\/2208"}],"wp:attachment":[{"href":"https:\/\/famipaberlin.de\/vi\/wp-json\/wp\/v2\/media?parent=2195"}],"curies":[{"name":"wp","href":"https:\/\/api.w.org\/{rel}","templated":true}]}}